{"id":286,"date":"2017-09-13T12:05:57","date_gmt":"2017-09-13T10:05:57","guid":{"rendered":"http:\/\/elektronoack.com\/en\/?page_id=286"},"modified":"2025-08-09T08:58:10","modified_gmt":"2025-08-09T06:58:10","slug":"impressum","status":"publish","type":"page","link":"https:\/\/elektronoack.com\/en\/impressum\/","title":{"rendered":"IMPRESSUM"},"content":{"rendered":"<p><div class=\"fusion-fullwidth fullwidth-box fusion-builder-row-1 nonhundred-percent-fullwidth non-hundred-percent-height-scrolling\" style=\"--awb-border-radius-top-left:0px;--awb-border-radius-top-right:0px;--awb-border-radius-bottom-right:0px;--awb-border-radius-bottom-left:0px;--awb-padding-left:0px;--awb-background-color:rgba(255,255,255,0);--awb-flex-wrap:wrap;\" ><div class=\"fusion-builder-row fusion-row\"><div class=\"fusion-layout-column fusion_builder_column fusion-builder-column-0 fusion_builder_column_1_5 1_5 fusion-one-fifth fusion-column-first fusion-no-small-visibility fusion-no-medium-visibility\" style=\"--awb-bg-size:cover;--awb-margin-top:100px;--awb-margin-bottom:0px;width:16.8%; margin-right: 4%;\"><div class=\"fusion-column-wrapper fusion-flex-column-wrapper-legacy\"><div class=\"fusion-column-content-centered\"><div class=\"fusion-column-content\"><\/div><\/div><div class=\"fusion-clearfix\"><\/div><\/div><\/div><div class=\"fusion-layout-column fusion_builder_column fusion-builder-column-1 fusion_builder_column_3_5 3_5 fusion-three-fifth\" style=\"--awb-padding-left:20px;--awb-bg-size:cover;--awb-margin-bottom:0px;width:58.4%; margin-right: 4%;\"><div class=\"fusion-column-wrapper fusion-flex-column-wrapper-legacy\"><div class=\"fusion-title title fusion-title-1 sep-underline sep-solid fusion-title-text fusion-title-size-one\" style=\"--awb-sep-color:#b9262c;\"><h1 class=\"fusion-title-heading title-heading-left fusion-responsive-typography-calculated\" style=\"margin:0;--fontSize:34;line-height:1.4;\"><p style=\"text-align: center;\">Verantwortlich f\u00fcr den Inhalt:<\/p><\/h1><\/div><div class=\"fusion-text fusion-text-1\"><p style=\"text-align: center;\">Thomas Noack<br \/>E-Mail: thomas.noack@elektronoack.de<\/p>\n<p style=\"text-align: center;\">Elektro Noack GmbH<br \/>Hungenerstrasse 3b<br \/>60389 Frankfurt am Main<br \/>Deutschland<\/p>\n<p style=\"text-align: center;\">Telefon: 069 \/ 90 55 360 &#8211; 0<\/p>\n<p style=\"text-align: center;\">Gesch\u00e4ftsf\u00fchrer: Sedat Beydili<br \/>Rechtsform: Gesellschaft mit beschr\u00e4nkter Haftung<br \/>Register-Nummer: Amtsgericht Frankfurt am Main, HRB 108021<\/p>\n<\/div><div class=\"fusion-clearfix\"><\/div><\/div><\/div><div class=\"fusion-layout-column fusion_builder_column fusion-builder-column-2 fusion_builder_column_1_5 1_5 fusion-one-fifth fusion-column-last fusion-no-small-visibility fusion-no-medium-visibility\" style=\"--awb-bg-size:cover;--awb-margin-top:140px;--awb-margin-bottom:0px;width:16.8%;\"><div class=\"fusion-column-wrapper fusion-flex-column-wrapper-legacy\"><div class=\"fusion-column-content-centered\"><div class=\"fusion-column-content\"><\/div><\/div><div class=\"fusion-clearfix\"><\/div><\/div><\/div><\/div><\/div><div class=\"fusion-fullwidth fullwidth-box fusion-builder-row-2 nonhundred-percent-fullwidth non-hundred-percent-height-scrolling fusion-no-small-visibility fusion-no-medium-visibility\" style=\"--awb-border-radius-top-left:0px;--awb-border-radius-top-right:0px;--awb-border-radius-bottom-right:0px;--awb-border-radius-bottom-left:0px;--awb-padding-top:40px;--awb-padding-bottom:20px;--awb-flex-wrap:wrap;\" ><div class=\"fusion-builder-row fusion-row\"><div class=\"fusion-layout-column fusion_builder_column fusion-builder-column-3 fusion_builder_column_1_2 1_2 fusion-one-half fusion-column-first\" style=\"--awb-bg-size:cover;width:50%;width:calc(50% - ( ( 4% ) * 0.5 ) );margin-right: 4%;\"><div class=\"fusion-column-wrapper fusion-flex-column-wrapper-legacy\"><ul style=\"--awb-size:30px;--awb-iconcolor:#b9262c;--awb-line-height:51px;--awb-icon-width:51px;--awb-icon-height:51px;--awb-icon-margin:21px;--awb-content-margin:72px;\" class=\"fusion-checklist fusion-checklist-1 fusion-checklist-default type-icons negative-list-icon\"><li class=\"fusion-li-item\" style=\"\"><span class=\"icon-wrapper circle-no\"><i class=\"fusion-li-icon fa fa-check\" aria-hidden=\"true\"><\/i><\/span><div class=\"fusion-li-item-content\">\n<h1 style=\"margin-left: -20px;\"><strong>Haftung f\u00fcr Inhalte<\/strong><\/h1>\n<\/div><\/li><\/ul><div class=\"fusion-text fusion-text-2\"><p style=\"font-size: 16px; line-height: 28px;\">Die Inhalte unserer Seiten wurden mit gr\u00f6\u00dfter Sorgfalt erstellt. F\u00fcr die Richtigkeit, Vollst\u00e4ndigkeit und Aktualit\u00e4t der Inhalte k\u00f6nnen wir jedoch keine Gew\u00e4hr \u00fcbernehmen. Sollten Inhalte oder Aufmachung dieser Website Rechte Dritter oder gesetzliche Bestimmungen verletzen, bitten wir um Benachrichtigung ohne Ausstellung einer Kostennote. Zu Recht beanstandete Passagen werden unverz\u00fcglich entfernt, so dass die Einschaltung eines Rechtsbeistandes nicht erforderlich ist. Dennoch von Ihnen ohne vorherige Kontaktaufnahme verursachte Kosten werden wir vollumf\u00e4nglich zur\u00fcckweisen und u.U. Gegenklage wegen Verletzung der vorgenannten Bestimmungen einreichen.<\/p>\n<\/div><div class=\"fusion-clearfix\"><\/div><\/div><\/div><div class=\"fusion-layout-column fusion_builder_column fusion-builder-column-4 fusion_builder_column_1_2 1_2 fusion-one-half fusion-column-last\" style=\"--awb-bg-size:cover;width:50%;width:calc(50% - ( ( 4% ) * 0.5 ) );\"><div class=\"fusion-column-wrapper fusion-flex-column-wrapper-legacy\"><ul style=\"--awb-size:30px;--awb-iconcolor:#b9262c;--awb-line-height:51px;--awb-icon-width:51px;--awb-icon-height:51px;--awb-icon-margin:21px;--awb-content-margin:72px;\" class=\"fusion-checklist fusion-checklist-2 fusion-checklist-default type-icons negative-list-icon\"><li class=\"fusion-li-item\" style=\"\"><span class=\"icon-wrapper circle-no\"><i class=\"fusion-li-icon fa fa-check\" aria-hidden=\"true\"><\/i><\/span><div class=\"fusion-li-item-content\">\n<h1 style=\"margin-left: -20px;\"><strong>Haftung f\u00fcr Links<\/strong><\/h1>\n<\/div><\/li><\/ul><div class=\"fusion-text fusion-text-3\"><p style=\"font-size: 16px; line-height: 28px;\">Unser Angebot enth\u00e4lt Links zu externen Webseiten Dritter, auf deren Inhalte wir keinen Einfluss haben. Deshalb k\u00f6nnen wir f\u00fcr diese fremden Inhalte auch keine Gew\u00e4hr \u00fcbernehmen. F\u00fcr die Inhalte der verlinkten Seiten ist stets der jeweilige Anbieter oder Betreiber der Seiten verantwortlich. Die verlinkten Seiten wurden zum Zeitpunkt der Verlinkung auf m\u00f6gliche Rechtsverst\u00f6\u00dfe \u00fcberpr\u00fcft. Rechtswidrige Inhalte waren zum Zeitpunkt der Verlinkung nicht erkennbar. Eine permanente inhaltliche Kontrolle der verlinkten Seiten ist jedoch ohne konkrete Anhaltspunkte einer Rechtsverletzung nicht zumutbar. Bei Bekanntwerden von Rechtsverletzungen werden wir derartige Links umgehend entfernen.<\/p>\n<\/div><div class=\"fusion-clearfix\"><\/div><\/div><\/div><div class=\"fusion-layout-column fusion_builder_column fusion-builder-column-5 fusion_builder_column_1_2 1_2 fusion-one-half fusion-column-first\" style=\"--awb-bg-size:cover;width:50%;width:calc(50% - ( ( 4% ) * 0.5 ) );margin-right: 4%;\"><div class=\"fusion-column-wrapper fusion-flex-column-wrapper-legacy\"><ul style=\"--awb-size:30px;--awb-iconcolor:#b9262c;--awb-line-height:51px;--awb-icon-width:51px;--awb-icon-height:51px;--awb-icon-margin:21px;--awb-content-margin:72px;\" class=\"fusion-checklist fusion-checklist-3 fusion-checklist-default type-icons negative-list-icon\"><li class=\"fusion-li-item\" style=\"\"><span class=\"icon-wrapper circle-no\"><i class=\"fusion-li-icon fa fa-check\" aria-hidden=\"true\"><\/i><\/span><div class=\"fusion-li-item-content\">\n<h1 style=\"margin-left: -20px;\"><strong>Urheberrecht<\/strong><\/h1>\n<\/div><\/li><\/ul><div class=\"fusion-text fusion-text-4\"><p style=\"font-size: 16px; line-height: 28px;\">Die durch die Seitenbetreiber erstellten Inhalte und Werke auf diesen Seiten unterliegen dem deutschen Urheberrecht. Die Vervielf\u00e4ltigung, Bearbeitung, Verbreitung und jede Art der Verwertung au\u00dferhalb der Grenzen des Urheberrechtes bed\u00fcrfen der schriftlichen Zustimmung des jeweiligen Autors bzw. Erstellers. Downloads und Kopien dieser Seite sind nur f\u00fcr den privaten, nicht kommerziellen Gebrauch gestattet. Soweit die Inhalte auf dieser Seite nicht vom Betreiber erstellt wurden, werden die Urheberrechte Dritter beachtet. Insbesondere werden Inhalte Dritter als solche gekennzeichnet. Sollten Sie trotzdem auf eine Urheberrechtsverletzung aufmerksam werden, bitten wir um einen entsprechenden Hinweis. Bei Bekanntwerden von Rechtsverletzungen werden wir derartige Inhalte umgehend entfernen.<\/p>\n<\/div><div class=\"fusion-clearfix\"><\/div><\/div><\/div><div class=\"fusion-layout-column fusion_builder_column fusion-builder-column-6 fusion_builder_column_1_2 1_2 fusion-one-half fusion-column-last\" style=\"--awb-bg-size:cover;width:50%;width:calc(50% - ( ( 4% ) * 0.5 ) );\"><div class=\"fusion-column-wrapper fusion-flex-column-wrapper-legacy\"><ul style=\"--awb-size:30px;--awb-iconcolor:#b9262c;--awb-line-height:51px;--awb-icon-width:51px;--awb-icon-height:51px;--awb-icon-margin:21px;--awb-content-margin:72px;\" class=\"fusion-checklist fusion-checklist-4 fusion-checklist-default type-icons negative-list-icon\"><li class=\"fusion-li-item\" style=\"\"><span class=\"icon-wrapper circle-no\"><i class=\"fusion-li-icon fa fa-check\" aria-hidden=\"true\"><\/i><\/span><div class=\"fusion-li-item-content\">\n<h1 style=\"margin-left: -20px;\"><strong>Bildnachweis<\/strong><\/h1>\n<\/div><\/li><\/ul><div class=\"fusion-text fusion-text-5\"><p style=\"font-size: 16px; line-height: 28px;\">Innovation Concept \u00a9 Olivier Le Moal \u2013 fotolia.com<br \/>\nHauselektrik \u00a9 marcus_hofmann \u2013 fotolia.com<br \/>\nmobile phone with luxury bedroom in smart home \u00a9 zhu difeng \u2013 fotolia.com<br \/>\nMontage von Schaltschr\u00e4nken \/\/ Installation in HiTech factory \u00a9 industrieblick \u2013 fotolia.com<br \/>\nNetzwerkkabel \u00a9 steffenpi \u2013 fotolia.com<br \/>\nSchaltzentrale in einem Produktionswerk \u00a9 industrieblick \u2013 fotolia.com<br \/>\nLampe \/ Gl\u00fchbirnen \/ Konzept \u00a9 Coloures-Pic \u2013 fotolia.com<br \/>\nFemale hand holding a smartphone on blurred house background. Home security system concept \u00a9 Africa Studio \u2013 fotolia.com<br \/>\nphasenpr\u00fcfer \u00a9 Superingo \u2013 fotolia.com<br \/>\nkabel \u00a9 photoGrapHie \u2013 fotolia.com<br \/>\nDrawing \u00a9 makaule \u2013 fotolia.com<br \/>\nElektroinstallation \u00a9 VRD \u2013 fotolia.com<br \/>\nElektroinstallation \u00a9 Wellnhofer Designs \u2013 fotolia.com<br \/>\nStrom pr\u00fcfen \u00a9 Wellnhofer Designs \u2013 fotolia.com<br \/>\nElektriker \u00a9 Marlon B\u00f6nisch \u2013 fotolia.com<br \/>\nPower plug &#8211; house silhouette \u00a9 electriceye \u2013 fotolia.com<\/p>\n<\/div><div class=\"fusion-clearfix\"><\/div><\/div><\/div><\/div><\/div><div class=\"fusion-fullwidth fullwidth-box fusion-builder-row-3 nonhundred-percent-fullwidth non-hundred-percent-height-scrolling fusion-no-large-visibility\" style=\"--awb-border-radius-top-left:0px;--awb-border-radius-top-right:0px;--awb-border-radius-bottom-right:0px;--awb-border-radius-bottom-left:0px;--awb-padding-top:40px;--awb-padding-bottom:20px;--awb-margin-top:-50px;--awb-flex-wrap:wrap;\" ><div class=\"fusion-builder-row fusion-row\"><div class=\"fusion-layout-column fusion_builder_column fusion-builder-column-7 fusion_builder_column_1_1 1_1 fusion-one-full fusion-column-first fusion-column-last\" style=\"--awb-bg-size:cover;\"><div class=\"fusion-column-wrapper fusion-flex-column-wrapper-legacy\"><div class=\"fusion-sep-clear\"><\/div><div class=\"fusion-separator fusion-full-width-sep\" style=\"margin-left: auto;margin-right: auto;width:100%;\"><div class=\"fusion-separator-border sep-single sep-solid\" style=\"--awb-height:20px;--awb-amount:20px;--awb-sep-color:#b9262c;border-color:#b9262c;border-top-width:1px;\"><\/div><\/div><div class=\"fusion-sep-clear\"><\/div><ul style=\"--awb-iconcolor:#b9262c;--awb-line-height:27.2px;--awb-icon-width:27.2px;--awb-icon-height:27.2px;--awb-icon-margin:11.2px;--awb-content-margin:38.4px;\" class=\"fusion-checklist fusion-checklist-5 fusion-checklist-default type-icons\"><li class=\"fusion-li-item\" style=\"\"><span class=\"icon-wrapper circle-no\"><i class=\"fusion-li-icon fa fa-check\" aria-hidden=\"true\"><\/i><\/span><div class=\"fusion-li-item-content\">\n<h1 style=\"margin-left: -20px;\"><strong>Haftung f\u00fcr Inhalte<\/strong><\/h1>\n<\/div><\/li><\/ul><div class=\"fusion-text fusion-text-6\"><p style=\"font-size: 16px; line-height: 28px;\">Die Inhalte unserer Seiten wurden mit gr\u00f6\u00dfter Sorgfalt erstellt. F\u00fcr die Richtigkeit, Vollst\u00e4ndigkeit und Aktualit\u00e4t der Inhalte k\u00f6nnen wir jedoch keine Gew\u00e4hr \u00fcbernehmen. Sollten Inhalte oder Aufmachung dieser Website Rechte Dritter oder gesetzliche Bestimmungen verletzen, bitten wir um Benachrichtigung ohne Ausstellung einer Kostennote. Zu Recht beanstandete Passagen werden unverz\u00fcglich entfernt, so dass die Einschaltung eines Rechtsbeistandes nicht erforderlich ist. Dennoch von Ihnen ohne vorherige Kontaktaufnahme verursachte Kosten werden wir vollumf\u00e4nglich zur\u00fcckweisen und u.U. Gegenklage wegen Verletzung der vorgenannten Bestimmungen einreichen.<\/p>\n<\/div><div class=\"fusion-clearfix\"><\/div><\/div><\/div><div class=\"fusion-layout-column fusion_builder_column fusion-builder-column-8 fusion_builder_column_1_1 1_1 fusion-one-full fusion-column-first fusion-column-last\" style=\"--awb-bg-size:cover;\"><div class=\"fusion-column-wrapper fusion-flex-column-wrapper-legacy\"><ul style=\"--awb-iconcolor:#b9262c;--awb-line-height:27.2px;--awb-icon-width:27.2px;--awb-icon-height:27.2px;--awb-icon-margin:11.2px;--awb-content-margin:38.4px;\" class=\"fusion-checklist fusion-checklist-6 fusion-checklist-default type-icons\"><li class=\"fusion-li-item\" style=\"\"><span class=\"icon-wrapper circle-no\"><i class=\"fusion-li-icon fa fa-check\" aria-hidden=\"true\"><\/i><\/span><div class=\"fusion-li-item-content\">\n<h1 style=\"margin-left: -20px;\"><strong>Haftung f\u00fcr Links<\/strong><\/h1>\n<\/div><\/li><\/ul><div class=\"fusion-text fusion-text-7\"><p style=\"font-size: 16px; line-height: 28px;\">Unser Angebot enth\u00e4lt Links zu externen Webseiten Dritter, auf deren Inhalte wir keinen Einfluss haben. Deshalb k\u00f6nnen wir f\u00fcr diese fremden Inhalte auch keine Gew\u00e4hr \u00fcbernehmen. F\u00fcr die Inhalte der verlinkten Seiten ist stets der jeweilige Anbieter oder Betreiber der Seiten verantwortlich. Die verlinkten Seiten wurden zum Zeitpunkt der Verlinkung auf m\u00f6gliche Rechtsverst\u00f6\u00dfe \u00fcberpr\u00fcft. Rechtswidrige Inhalte waren zum Zeitpunkt der Verlinkung nicht erkennbar. Eine permanente inhaltliche Kontrolle der verlinkten Seiten ist jedoch ohne konkrete Anhaltspunkte einer Rechtsverletzung nicht zumutbar. Bei Bekanntwerden von Rechtsverletzungen werden wir derartige Links umgehend entfernen.<\/p>\n<\/div><div class=\"fusion-clearfix\"><\/div><\/div><\/div><div class=\"fusion-layout-column fusion_builder_column fusion-builder-column-9 fusion_builder_column_1_1 1_1 fusion-one-full fusion-column-first fusion-column-last\" style=\"--awb-bg-size:cover;\"><div class=\"fusion-column-wrapper fusion-flex-column-wrapper-legacy\"><ul style=\"--awb-iconcolor:#b9262c;--awb-line-height:27.2px;--awb-icon-width:27.2px;--awb-icon-height:27.2px;--awb-icon-margin:11.2px;--awb-content-margin:38.4px;\" class=\"fusion-checklist fusion-checklist-7 fusion-checklist-default type-icons\"><li class=\"fusion-li-item\" style=\"\"><span class=\"icon-wrapper circle-no\"><i class=\"fusion-li-icon fa fa-check\" aria-hidden=\"true\"><\/i><\/span><div class=\"fusion-li-item-content\">\n<h1 style=\"margin-left: -20px;\"><strong>Urheberrecht<\/strong><\/h1>\n<\/div><\/li><\/ul><div class=\"fusion-text fusion-text-8\"><p style=\"font-size: 16px; line-height: 28px;\">Die durch die Seitenbetreiber erstellten Inhalte und Werke auf diesen Seiten unterliegen dem deutschen Urheberrecht. Die Vervielf\u00e4ltigung, Bearbeitung, Verbreitung und jede Art der Verwertung au\u00dferhalb der Grenzen des Urheberrechtes bed\u00fcrfen der schriftlichen Zustimmung des jeweiligen Autors bzw. Erstellers. Downloads und Kopien dieser Seite sind nur f\u00fcr den privaten, nicht kommerziellen Gebrauch gestattet. Soweit die Inhalte auf dieser Seite nicht vom Betreiber erstellt wurden, werden die Urheberrechte Dritter beachtet. Insbesondere werden Inhalte Dritter als solche gekennzeichnet. Sollten Sie trotzdem auf eine Urheberrechtsverletzung aufmerksam werden, bitten wir um einen entsprechenden Hinweis. Bei Bekanntwerden von Rechtsverletzungen werden wir derartige Inhalte umgehend entfernen.<\/p>\n<\/div><div class=\"fusion-clearfix\"><\/div><\/div><\/div><div class=\"fusion-layout-column fusion_builder_column fusion-builder-column-10 fusion_builder_column_1_1 1_1 fusion-one-full fusion-column-first fusion-column-last\" style=\"--awb-bg-size:cover;\"><div class=\"fusion-column-wrapper fusion-flex-column-wrapper-legacy\"><ul style=\"--awb-iconcolor:#b9262c;--awb-line-height:27.2px;--awb-icon-width:27.2px;--awb-icon-height:27.2px;--awb-icon-margin:11.2px;--awb-content-margin:38.4px;\" class=\"fusion-checklist fusion-checklist-8 fusion-checklist-default type-icons\"><li class=\"fusion-li-item\" style=\"\"><span class=\"icon-wrapper circle-no\"><i class=\"fusion-li-icon fa fa-check\" aria-hidden=\"true\"><\/i><\/span><div class=\"fusion-li-item-content\">\n<h1 style=\"margin-left: -20px;\"><strong>Bildnachweis<\/strong><\/h1>\n<\/div><\/li><\/ul><div class=\"fusion-text fusion-text-9\"><p style=\"font-size: 16px; line-height: 28px;\">Innovation Concept \u00a9 Olivier Le Moal \u2013 fotolia.com<br \/>\nHauselektrik \u00a9 marcus_hofmann \u2013 fotolia.com<br \/>\nmobile phone with luxury bedroom in smart home \u00a9 zhu difeng \u2013 fotolia.com<br \/>\nMontage von Schaltschr\u00e4nken \/\/ Installation in HiTech factory \u00a9 industrieblick \u2013 fotolia.com<br \/>\nNetzwerkkabel \u00a9 steffenpi \u2013 fotolia.com<br \/>\nSchaltzentrale in einem Produktionswerk \u00a9 industrieblick \u2013 fotolia.com<br \/>\nLampe \/ Gl\u00fchbirnen \/ Konzept \u00a9 Coloures-Pic \u2013 fotolia.com<br \/>\nFemale hand holding a smartphone on blurred house background. Home security system concept \u00a9 Africa Studio \u2013 fotolia.com<br \/>\nphasenpr\u00fcfer \u00a9 Superingo \u2013 fotolia.com<br \/>\nkabel \u00a9 photoGrapHie \u2013 fotolia.com<br \/>\nDrawing \u00a9 makaule \u2013 fotolia.com<br \/>\nElektroinstallation \u00a9 VRD \u2013 fotolia.com<br \/>\nElektroinstallation \u00a9 Wellnhofer Designs \u2013 fotolia.com<br \/>\nStrom pr\u00fcfen \u00a9 Wellnhofer Designs \u2013 fotolia.com<br \/>\nElektriker \u00a9 Marlon B\u00f6nisch \u2013 fotolia.com<br \/>\nPower plug &#8211; house silhouette \u00a9 electriceye \u2013 fotolia.com<\/p>\n<\/div><div class=\"fusion-clearfix\"><\/div><\/div><\/div><\/div><\/div><\/p>\n","protected":false},"excerpt":{"rendered":"","protected":false},"author":1,"featured_media":0,"parent":0,"menu_order":0,"comment_status":"closed","ping_status":"open","template":"100-width.php","meta":{"footnotes":""},"class_list":["post-286","page","type-page","status-publish","hentry"],"_links":{"self":[{"href":"https:\/\/elektronoack.com\/en\/wp-json\/wp\/v2\/pages\/286","targetHints":{"allow":["GET"]}}],"collection":[{"href":"https:\/\/elektronoack.com\/en\/wp-json\/wp\/v2\/pages"}],"about":[{"href":"https:\/\/elektronoack.com\/en\/wp-json\/wp\/v2\/types\/page"}],"author":[{"embeddable":true,"href":"https:\/\/elektronoack.com\/en\/wp-json\/wp\/v2\/users\/1"}],"replies":[{"embeddable":true,"href":"https:\/\/elektronoack.com\/en\/wp-json\/wp\/v2\/comments?post=286"}],"version-history":[{"count":1,"href":"https:\/\/elektronoack.com\/en\/wp-json\/wp\/v2\/pages\/286\/revisions"}],"predecessor-version":[{"id":761,"href":"https:\/\/elektronoack.com\/en\/wp-json\/wp\/v2\/pages\/286\/revisions\/761"}],"wp:attachment":[{"href":"https:\/\/elektronoack.com\/en\/wp-json\/wp\/v2\/media?parent=286"}],"curies":[{"name":"wp","href":"https:\/\/api.w.org\/{rel}","templated":true}]}}